{"id":11077,"date":"2023-07-27T11:30:58","date_gmt":"2023-07-27T09:30:58","guid":{"rendered":"https:\/\/villa-perla.it\/activites\/"},"modified":"2024-05-07T15:53:25","modified_gmt":"2024-05-07T13:53:25","slug":"activites","status":"publish","type":"page","link":"https:\/\/villa-perla.it\/fr\/activites\/","title":{"rendered":"Activit\u00e9s"},"content":{"rendered":"\t\t<div data-elementor-type=\"wp-page\" data-elementor-id=\"11077\" class=\"elementor elementor-11077 elementor-10972\" data-elementor-post-type=\"page\">\n\t\t\t\t\t\t<section class=\"elementor-section elementor-top-section elementor-element elementor-element-5031f6d elementor-section-boxed elementor-section-height-default elementor-section-height-default\" data-id=\"5031f6d\" data-element_type=\"section\" data-e-type=\"section\" data-settings=\"{&quot;jet_parallax_layout_list&quot;:[]}\">\n\t\t\t\t\t\t<div class=\"elementor-container elementor-column-gap-default\">\n\t\t\t\t\t<div class=\"elementor-column elementor-col-100 elementor-top-column elementor-element elementor-element-9655a2e\" data-id=\"9655a2e\" data-element_type=\"column\" data-e-type=\"column\">\n\t\t\t<div class=\"elementor-widget-wrap elementor-element-populated\">\n\t\t\t\t\t\t<div class=\"elementor-element elementor-element-5c91fd4 elementor-widget elementor-widget-heading\" data-id=\"5c91fd4\" data-element_type=\"widget\" data-e-type=\"widget\" data-widget_type=\"heading.default\">\n\t\t\t\t<div class=\"elementor-widget-container\">\n\t\t\t\t\t<h1 class=\"elementor-heading-title elementor-size-default\">Activit\u00e9s dans la r\u00e9gion<\/h1>\t\t\t\t<\/div>\n\t\t\t\t<\/div>\n\t\t\t\t<div class=\"elementor-element elementor-element-7a9da78 elementor-share-buttons--view-icon elementor-share-buttons--skin-minimal elementor-share-buttons--color-custom elementor-share-buttons--shape-square elementor-grid-0 elementor-widget elementor-widget-share-buttons\" data-id=\"7a9da78\" data-element_type=\"widget\" data-e-type=\"widget\" data-widget_type=\"share-buttons.default\">\n\t\t\t\t<div class=\"elementor-widget-container\">\n\t\t\t\t\t\t\t<div class=\"elementor-grid\" role=\"list\">\n\t\t\t\t\t\t\t\t<div class=\"elementor-grid-item\" role=\"listitem\">\n\t\t\t\t\t\t<div class=\"elementor-share-btn elementor-share-btn_whatsapp\" role=\"button\" tabindex=\"0\" aria-label=\"Partager sur whatsapp\">\n\t\t\t\t\t\t\t\t\t\t\t\t\t\t\t<span class=\"elementor-share-btn__icon\">\n\t\t\t\t\t\t\t\t<svg aria-hidden=\"true\" class=\"e-font-icon-svg e-fab-whatsapp\" viewBox=\"0 0 448 512\" xmlns=\"http:\/\/www.w3.org\/2000\/svg\"><path d=\"M380.9 97.1C339 55.1 283.2 32 223.9 32c-122.4 0-222 99.6-222 222 0 39.1 10.2 77.3 29.6 111L0 480l117.7-30.9c32.4 17.7 68.9 27 106.1 27h.1c122.3 0 224.1-99.6 224.1-222 0-59.3-25.2-115-67.1-157zm-157 341.6c-33.2 0-65.7-8.9-94-25.7l-6.7-4-69.8 18.3L72 359.2l-4.4-7c-18.5-29.4-28.2-63.3-28.2-98.2 0-101.7 82.8-184.5 184.6-184.5 49.3 0 95.6 19.2 130.4 54.1 34.8 34.9 56.2 81.2 56.1 130.5 0 101.8-84.9 184.6-186.6 184.6zm101.2-138.2c-5.5-2.8-32.8-16.2-37.9-18-5.1-1.9-8.8-2.8-12.5 2.8-3.7 5.6-14.3 18-17.6 21.8-3.2 3.7-6.5 4.2-12 1.4-32.6-16.3-54-29.1-75.5-66-5.7-9.8 5.7-9.1 16.3-30.3 1.8-3.7.9-6.9-.5-9.7-1.4-2.8-12.5-30.1-17.1-41.2-4.5-10.8-9.1-9.3-12.5-9.5-3.2-.2-6.9-.2-10.6-.2-3.7 0-9.7 1.4-14.8 6.9-5.1 5.6-19.4 19-19.4 46.3 0 27.3 19.9 53.7 22.6 57.4 2.8 3.7 39.1 59.7 94.8 83.8 35.2 15.2 49 16.5 66.6 13.9 10.7-1.6 32.8-13.4 37.4-26.4 4.6-13 4.6-24.1 3.2-26.4-1.3-2.5-5-3.9-10.5-6.6z\"><\/path><\/svg>\t\t\t\t\t\t\t<\/span>\n\t\t\t\t\t\t\t\t\t\t\t\t\t\t\t\t\t\t\t\t<\/div>\n\t\t\t\t\t<\/div>\n\t\t\t\t\t\t\t\t\t<div class=\"elementor-grid-item\" role=\"listitem\">\n\t\t\t\t\t\t<div class=\"elementor-share-btn elementor-share-btn_facebook\" role=\"button\" tabindex=\"0\" aria-label=\"Partager sur facebook\">\n\t\t\t\t\t\t\t\t\t\t\t\t\t\t\t<span class=\"elementor-share-btn__icon\">\n\t\t\t\t\t\t\t\t<svg aria-hidden=\"true\" class=\"e-font-icon-svg e-fab-facebook\" viewBox=\"0 0 512 512\" xmlns=\"http:\/\/www.w3.org\/2000\/svg\"><path d=\"M504 256C504 119 393 8 256 8S8 119 8 256c0 123.78 90.69 226.38 209.25 245V327.69h-63V256h63v-54.64c0-62.15 37-96.48 93.67-96.48 27.14 0 55.52 4.84 55.52 4.84v61h-31.28c-30.8 0-40.41 19.12-40.41 38.73V256h68.78l-11 71.69h-57.78V501C413.31 482.38 504 379.78 504 256z\"><\/path><\/svg>\t\t\t\t\t\t\t<\/span>\n\t\t\t\t\t\t\t\t\t\t\t\t\t\t\t\t\t\t\t\t<\/div>\n\t\t\t\t\t<\/div>\n\t\t\t\t\t\t\t\t\t<div class=\"elementor-grid-item\" role=\"listitem\">\n\t\t\t\t\t\t<div class=\"elementor-share-btn elementor-share-btn_linkedin\" role=\"button\" tabindex=\"0\" aria-label=\"Partager sur linkedin\">\n\t\t\t\t\t\t\t\t\t\t\t\t\t\t\t<span class=\"elementor-share-btn__icon\">\n\t\t\t\t\t\t\t\t<svg aria-hidden=\"true\" class=\"e-font-icon-svg e-fab-linkedin\" viewBox=\"0 0 448 512\" xmlns=\"http:\/\/www.w3.org\/2000\/svg\"><path d=\"M416 32H31.9C14.3 32 0 46.5 0 64.3v383.4C0 465.5 14.3 480 31.9 480H416c17.6 0 32-14.5 32-32.3V64.3c0-17.8-14.4-32.3-32-32.3zM135.4 416H69V202.2h66.5V416zm-33.2-243c-21.3 0-38.5-17.3-38.5-38.5S80.9 96 102.2 96c21.2 0 38.5 17.3 38.5 38.5 0 21.3-17.2 38.5-38.5 38.5zm282.1 243h-66.4V312c0-24.8-.5-56.7-34.5-56.7-34.6 0-39.9 27-39.9 54.9V416h-66.4V202.2h63.7v29.2h.9c8.9-16.8 30.6-34.5 62.9-34.5 67.2 0 79.7 44.3 79.7 101.9V416z\"><\/path><\/svg>\t\t\t\t\t\t\t<\/span>\n\t\t\t\t\t\t\t\t\t\t\t\t\t\t\t\t\t\t\t\t<\/div>\n\t\t\t\t\t<\/div>\n\t\t\t\t\t\t<\/div>\n\t\t\t\t\t\t<\/div>\n\t\t\t\t<\/div>\n\t\t\t\t\t<\/div>\n\t\t<\/div>\n\t\t\t\t\t<\/div>\n\t\t<\/section>\n\t\t\t\t<\/div>\n\t\t","protected":false},"excerpt":{"rendered":"<p>Que faire \u00e0 Villa Perla dans le Pi\u00e9mont ? Du yoga \u00e0 la d\u00e9gustation de vins, en passant par les promenades, le cyclisme et l&rsquo;\u00e9quitation, &#8230; Restez \u00e0 l&rsquo;\u00e9coute !<\/p>\n","protected":false},"author":5,"featured_media":11023,"parent":0,"menu_order":0,"comment_status":"closed","ping_status":"closed","template":"elementor_header_footer","meta":{"_angie_page":false,"footnotes":""},"class_list":["post-11077","page","type-page","status-publish","has-post-thumbnail","hentry"],"yoast_head":"<!-- This site is optimized with the Yoast SEO plugin v27.2 - https:\/\/yoast.com\/product\/yoast-seo-wordpress\/ -->\n<title>Activit\u00e9s - Villa Perla | Langhe - Monferrato<\/title>\n<meta name=\"description\" content=\"Que faire \u00e0 Villa Perla dans le Pi\u00e9mont ? Du yoga \u00e0 la d\u00e9gustation de vins, en passant par les promenades, le cyclisme et l&#039;\u00e9quitation, ... Restez \u00e0 l&#039;\u00e9coute !\" \/>\n<meta name=\"robots\" content=\"index, follow, max-snippet:-1, max-image-preview:large, max-video-preview:-1\" \/>\n<link rel=\"canonical\" href=\"https:\/\/villa-perla.it\/fr\/activites\/\" \/>\n<meta property=\"og:locale\" content=\"fr_FR\" \/>\n<meta property=\"og:type\" content=\"article\" \/>\n<meta property=\"og:title\" content=\"Activit\u00e9s de la Villa Perla Piemonte\" \/>\n<meta property=\"og:description\" content=\"Que faire \u00e0 Villa Perla dans le Pi\u00e9mont ? Du yoga \u00e0 la d\u00e9gustation de vins, en passant par les promenades, le cyclisme et l&#039;\u00e9quitation, ... Restez \u00e0 l&#039;\u00e9coute !\" \/>\n<meta property=\"og:url\" content=\"https:\/\/villa-perla.it\/fr\/activites\/\" \/>\n<meta property=\"og:site_name\" content=\"Villa Perla | Langhe - Monferrato\" \/>\n<meta property=\"article:publisher\" content=\"https:\/\/www.facebook.com\/villaperla.piemonte\" \/>\n<meta property=\"article:modified_time\" content=\"2024-05-07T13:53:25+00:00\" \/>\n<meta property=\"og:image\" content=\"https:\/\/villa-perla.it\/wp-content\/uploads\/2023\/07\/YOGA_WEB-58-200x300.jpg\" \/>\n<meta name=\"twitter:card\" content=\"summary_large_image\" \/>\n<meta name=\"twitter:title\" content=\"Activit\u00e9s de la Villa Perla Piemonte\" \/>\n<meta name=\"twitter:description\" content=\"Que faire \u00e0 Villa Perla dans le Pi\u00e9mont ? Du yoga \u00e0 la d\u00e9gustation de vins, en passant par les promenades, le cyclisme et l&#039;\u00e9quitation, ... Restez \u00e0 l&#039;\u00e9coute !\" \/>\n<meta name=\"twitter:image\" content=\"https:\/\/villa-perla.it\/wp-content\/uploads\/2023\/07\/YOGA_WEB-58-682x1024.jpg\" \/>\n<script type=\"application\/ld+json\" class=\"yoast-schema-graph\">{\"@context\":\"https:\/\/schema.org\",\"@graph\":[{\"@type\":\"WebPage\",\"@id\":\"https:\/\/villa-perla.it\/fr\/activites\/\",\"url\":\"https:\/\/villa-perla.it\/fr\/activites\/\",\"name\":\"Activit\u00e9s - Villa Perla | Langhe - Monferrato\",\"isPartOf\":{\"@id\":\"https:\/\/villa-perla.it\/fr\/#website\"},\"primaryImageOfPage\":{\"@id\":\"https:\/\/villa-perla.it\/fr\/activites\/#primaryimage\"},\"image\":{\"@id\":\"https:\/\/villa-perla.it\/fr\/activites\/#primaryimage\"},\"thumbnailUrl\":\"https:\/\/villa-perla.it\/wp-content\/uploads\/2023\/07\/YOGA_WEB-58.webp\",\"datePublished\":\"2023-07-27T09:30:58+00:00\",\"dateModified\":\"2024-05-07T13:53:25+00:00\",\"description\":\"Que faire \u00e0 Villa Perla dans le Pi\u00e9mont ? Du yoga \u00e0 la d\u00e9gustation de vins, en passant par les promenades, le cyclisme et l'\u00e9quitation, ... Restez \u00e0 l'\u00e9coute !\",\"breadcrumb\":{\"@id\":\"https:\/\/villa-perla.it\/fr\/activites\/#breadcrumb\"},\"inLanguage\":\"fr-FR\",\"potentialAction\":[{\"@type\":\"ReadAction\",\"target\":[\"https:\/\/villa-perla.it\/fr\/activites\/\"]}]},{\"@type\":\"ImageObject\",\"inLanguage\":\"fr-FR\",\"@id\":\"https:\/\/villa-perla.it\/fr\/activites\/#primaryimage\",\"url\":\"https:\/\/villa-perla.it\/wp-content\/uploads\/2023\/07\/YOGA_WEB-58.webp\",\"contentUrl\":\"https:\/\/villa-perla.it\/wp-content\/uploads\/2023\/07\/YOGA_WEB-58.webp\",\"width\":1198,\"height\":1800},{\"@type\":\"BreadcrumbList\",\"@id\":\"https:\/\/villa-perla.it\/fr\/activites\/#breadcrumb\",\"itemListElement\":[{\"@type\":\"ListItem\",\"position\":1,\"name\":\"Home\",\"item\":\"https:\/\/villa-perla.it\/fr\/\"},{\"@type\":\"ListItem\",\"position\":2,\"name\":\"Activit\u00e9s\"}]},{\"@type\":\"WebSite\",\"@id\":\"https:\/\/villa-perla.it\/fr\/#website\",\"url\":\"https:\/\/villa-perla.it\/fr\/\",\"name\":\"Villa Perla | Langhe - Monferrato\",\"description\":\"Your private holiday house in Piemonte\",\"publisher\":{\"@id\":\"https:\/\/villa-perla.it\/fr\/#organization\"},\"alternateName\":\"Villa Perla |\",\"potentialAction\":[{\"@type\":\"SearchAction\",\"target\":{\"@type\":\"EntryPoint\",\"urlTemplate\":\"https:\/\/villa-perla.it\/fr\/?s={search_term_string}\"},\"query-input\":{\"@type\":\"PropertyValueSpecification\",\"valueRequired\":true,\"valueName\":\"search_term_string\"}}],\"inLanguage\":\"fr-FR\"},{\"@type\":\"Organization\",\"@id\":\"https:\/\/villa-perla.it\/fr\/#organization\",\"name\":\"Villa Perla Piemonte\",\"alternateName\":\"Villa Perla Piemonte\",\"url\":\"https:\/\/villa-perla.it\/fr\/\",\"logo\":{\"@type\":\"ImageObject\",\"inLanguage\":\"fr-FR\",\"@id\":\"https:\/\/villa-perla.it\/fr\/#\/schema\/logo\/image\/\",\"url\":\"https:\/\/villa-perla.it\/wp-content\/uploads\/2021\/11\/villa-perla-piemone-logo-transparant-400-x-100-px.svg\",\"contentUrl\":\"https:\/\/villa-perla.it\/wp-content\/uploads\/2021\/11\/villa-perla-piemone-logo-transparant-400-x-100-px.svg\",\"caption\":\"Villa Perla Piemonte\"},\"image\":{\"@id\":\"https:\/\/villa-perla.it\/fr\/#\/schema\/logo\/image\/\"},\"sameAs\":[\"https:\/\/www.facebook.com\/villaperla.piemonte\",\"https:\/\/www.instagram.com\/villaperla_piemonte\"]}]}<\/script>\n<!-- \/ Yoast SEO plugin. -->","yoast_head_json":{"title":"Activit\u00e9s - Villa Perla | Langhe - Monferrato","description":"Que faire \u00e0 Villa Perla dans le Pi\u00e9mont ? Du yoga \u00e0 la d\u00e9gustation de vins, en passant par les promenades, le cyclisme et l'\u00e9quitation, ... Restez \u00e0 l'\u00e9coute !","robots":{"index":"index","follow":"follow","max-snippet":"max-snippet:-1","max-image-preview":"max-image-preview:large","max-video-preview":"max-video-preview:-1"},"canonical":"https:\/\/villa-perla.it\/fr\/activites\/","og_locale":"fr_FR","og_type":"article","og_title":"Activit\u00e9s de la Villa Perla Piemonte","og_description":"Que faire \u00e0 Villa Perla dans le Pi\u00e9mont ? Du yoga \u00e0 la d\u00e9gustation de vins, en passant par les promenades, le cyclisme et l'\u00e9quitation, ... Restez \u00e0 l'\u00e9coute !","og_url":"https:\/\/villa-perla.it\/fr\/activites\/","og_site_name":"Villa Perla | Langhe - Monferrato","article_publisher":"https:\/\/www.facebook.com\/villaperla.piemonte","article_modified_time":"2024-05-07T13:53:25+00:00","og_image":[{"url":"https:\/\/villa-perla.it\/wp-content\/uploads\/2023\/07\/YOGA_WEB-58-200x300.jpg","type":"","width":"","height":""}],"twitter_card":"summary_large_image","twitter_title":"Activit\u00e9s de la Villa Perla Piemonte","twitter_description":"Que faire \u00e0 Villa Perla dans le Pi\u00e9mont ? Du yoga \u00e0 la d\u00e9gustation de vins, en passant par les promenades, le cyclisme et l'\u00e9quitation, ... Restez \u00e0 l'\u00e9coute !","twitter_image":"https:\/\/villa-perla.it\/wp-content\/uploads\/2023\/07\/YOGA_WEB-58-682x1024.jpg","schema":{"@context":"https:\/\/schema.org","@graph":[{"@type":"WebPage","@id":"https:\/\/villa-perla.it\/fr\/activites\/","url":"https:\/\/villa-perla.it\/fr\/activites\/","name":"Activit\u00e9s - Villa Perla | Langhe - Monferrato","isPartOf":{"@id":"https:\/\/villa-perla.it\/fr\/#website"},"primaryImageOfPage":{"@id":"https:\/\/villa-perla.it\/fr\/activites\/#primaryimage"},"image":{"@id":"https:\/\/villa-perla.it\/fr\/activites\/#primaryimage"},"thumbnailUrl":"https:\/\/villa-perla.it\/wp-content\/uploads\/2023\/07\/YOGA_WEB-58.webp","datePublished":"2023-07-27T09:30:58+00:00","dateModified":"2024-05-07T13:53:25+00:00","description":"Que faire \u00e0 Villa Perla dans le Pi\u00e9mont ? Du yoga \u00e0 la d\u00e9gustation de vins, en passant par les promenades, le cyclisme et l'\u00e9quitation, ... Restez \u00e0 l'\u00e9coute !","breadcrumb":{"@id":"https:\/\/villa-perla.it\/fr\/activites\/#breadcrumb"},"inLanguage":"fr-FR","potentialAction":[{"@type":"ReadAction","target":["https:\/\/villa-perla.it\/fr\/activites\/"]}]},{"@type":"ImageObject","inLanguage":"fr-FR","@id":"https:\/\/villa-perla.it\/fr\/activites\/#primaryimage","url":"https:\/\/villa-perla.it\/wp-content\/uploads\/2023\/07\/YOGA_WEB-58.webp","contentUrl":"https:\/\/villa-perla.it\/wp-content\/uploads\/2023\/07\/YOGA_WEB-58.webp","width":1198,"height":1800},{"@type":"BreadcrumbList","@id":"https:\/\/villa-perla.it\/fr\/activites\/#breadcrumb","itemListElement":[{"@type":"ListItem","position":1,"name":"Home","item":"https:\/\/villa-perla.it\/fr\/"},{"@type":"ListItem","position":2,"name":"Activit\u00e9s"}]},{"@type":"WebSite","@id":"https:\/\/villa-perla.it\/fr\/#website","url":"https:\/\/villa-perla.it\/fr\/","name":"Villa Perla | Langhe - Monferrato","description":"Your private holiday house in Piemonte","publisher":{"@id":"https:\/\/villa-perla.it\/fr\/#organization"},"alternateName":"Villa Perla |","potentialAction":[{"@type":"SearchAction","target":{"@type":"EntryPoint","urlTemplate":"https:\/\/villa-perla.it\/fr\/?s={search_term_string}"},"query-input":{"@type":"PropertyValueSpecification","valueRequired":true,"valueName":"search_term_string"}}],"inLanguage":"fr-FR"},{"@type":"Organization","@id":"https:\/\/villa-perla.it\/fr\/#organization","name":"Villa Perla Piemonte","alternateName":"Villa Perla Piemonte","url":"https:\/\/villa-perla.it\/fr\/","logo":{"@type":"ImageObject","inLanguage":"fr-FR","@id":"https:\/\/villa-perla.it\/fr\/#\/schema\/logo\/image\/","url":"https:\/\/villa-perla.it\/wp-content\/uploads\/2021\/11\/villa-perla-piemone-logo-transparant-400-x-100-px.svg","contentUrl":"https:\/\/villa-perla.it\/wp-content\/uploads\/2021\/11\/villa-perla-piemone-logo-transparant-400-x-100-px.svg","caption":"Villa Perla Piemonte"},"image":{"@id":"https:\/\/villa-perla.it\/fr\/#\/schema\/logo\/image\/"},"sameAs":["https:\/\/www.facebook.com\/villaperla.piemonte","https:\/\/www.instagram.com\/villaperla_piemonte"]}]}},"_links":{"self":[{"href":"https:\/\/villa-perla.it\/fr\/wp-json\/wp\/v2\/pages\/11077","targetHints":{"allow":["GET"]}}],"collection":[{"href":"https:\/\/villa-perla.it\/fr\/wp-json\/wp\/v2\/pages"}],"about":[{"href":"https:\/\/villa-perla.it\/fr\/wp-json\/wp\/v2\/types\/page"}],"author":[{"embeddable":true,"href":"https:\/\/villa-perla.it\/fr\/wp-json\/wp\/v2\/users\/5"}],"replies":[{"embeddable":true,"href":"https:\/\/villa-perla.it\/fr\/wp-json\/wp\/v2\/comments?post=11077"}],"version-history":[{"count":0,"href":"https:\/\/villa-perla.it\/fr\/wp-json\/wp\/v2\/pages\/11077\/revisions"}],"wp:featuredmedia":[{"embeddable":true,"href":"https:\/\/villa-perla.it\/fr\/wp-json\/wp\/v2\/media\/11023"}],"wp:attachment":[{"href":"https:\/\/villa-perla.it\/fr\/wp-json\/wp\/v2\/media?parent=11077"}],"curies":[{"name":"wp","href":"https:\/\/api.w.org\/{rel}","templated":true}]}}