{"id":16464,"date":"2023-02-26T10:00:35","date_gmt":"2023-02-26T09:00:35","guid":{"rendered":"https:\/\/villa-perla.it\/villaen\/de-forskellige-layouts\/"},"modified":"2026-02-27T09:30:14","modified_gmt":"2026-02-27T08:30:14","slug":"de-forskellige-layouts","status":"publish","type":"page","link":"https:\/\/villa-perla.it\/da\/villaen\/de-forskellige-layouts\/","title":{"rendered":"De forskellige layouts"},"content":{"rendered":"\t\t<div data-elementor-type=\"wp-page\" data-elementor-id=\"16464\" class=\"elementor elementor-16464 elementor-8508\" data-elementor-post-type=\"page\">\n\t\t\t\t\t\t<section class=\"elementor-section elementor-top-section elementor-element elementor-element-50c87de7 elementor-section-boxed elementor-section-height-default elementor-section-height-default\" data-id=\"50c87de7\" data-element_type=\"section\" data-e-type=\"section\" data-settings=\"{&quot;jet_parallax_layout_list&quot;:[]}\">\n\t\t\t\t\t\t<div class=\"elementor-container elementor-column-gap-default\">\n\t\t\t\t\t<div class=\"elementor-column elementor-col-100 elementor-top-column elementor-element elementor-element-1afdaa93\" data-id=\"1afdaa93\" data-element_type=\"column\" data-e-type=\"column\">\n\t\t\t<div class=\"elementor-widget-wrap elementor-element-populated\">\n\t\t\t\t\t\t<div class=\"elementor-element elementor-element-43b6282a elementor-widget elementor-widget-heading\" data-id=\"43b6282a\" data-element_type=\"widget\" data-e-type=\"widget\" data-widget_type=\"heading.default\">\n\t\t\t\t<div class=\"elementor-widget-container\">\n\t\t\t\t\t<h2 class=\"elementor-heading-title elementor-size-default\">LAGEPLANERNE<\/h2>\t\t\t\t<\/div>\n\t\t\t\t<\/div>\n\t\t\t\t<div class=\"elementor-element elementor-element-7cddf8a elementor-widget elementor-widget-text-editor\" data-id=\"7cddf8a\" data-element_type=\"widget\" data-e-type=\"widget\" data-widget_type=\"text-editor.default\">\n\t\t\t\t<div class=\"elementor-widget-container\">\n\t\t\t\t\t\t\t\t\t<p style=\"text-align: center;\">4 sovev\u00e6relser (heraf 2 familiev\u00e6relser med k\u00f8jesenge) &#8211; 2 ekstra komfortable babysenge til r\u00e5dighed 3 badev\u00e6relser &#8211; separat toilet i stueetagen.  <\/p>\n\t\t\t\t\t\t\t\t<\/div>\n\t\t\t\t<\/div>\n\t\t\t\t<div class=\"elementor-element elementor-element-63b0a1f7 elementor-widget-mobile__width-inherit elementor-widget__width-inherit elementor-widget elementor-widget-jet-slider\" data-id=\"63b0a1f7\" data-element_type=\"widget\" data-e-type=\"widget\" data-settings=\"{&quot;slider_height&quot;:{&quot;unit&quot;:&quot;px&quot;,&quot;size&quot;:1000,&quot;sizes&quot;:[]},&quot;slider_height_mobile&quot;:{&quot;unit&quot;:&quot;vh&quot;,&quot;size&quot;:43,&quot;sizes&quot;:[]},&quot;slider_height_tablet&quot;:{&quot;unit&quot;:&quot;px&quot;,&quot;size&quot;:&quot;&quot;,&quot;sizes&quot;:[]}}\" data-widget_type=\"jet-slider.default\">\n\t\t\t\t<div class=\"elementor-widget-container\">\n\t\t\t\t\t<div class=\"elementor-jet-slider jet-elements\">\n<div class=\"jet-slider jet-slider__image-contain\" data-settings='{&quot;sliderWidth&quot;:1,&quot;sliderHeight&quot;:1,&quot;sliderNavigation&quot;:true,&quot;sliderNavigationIcon&quot;:&quot;jet-slider__arrow-icon-63b0a1f7&quot;,&quot;sliderNaviOnHover&quot;:false,&quot;sliderPagination&quot;:false,&quot;sliderAutoplay&quot;:true,&quot;sliderAutoplayDelay&quot;:5000,&quot;sliderAutoplayOnHover&quot;:&quot;pause&quot;,&quot;sliderFullScreen&quot;:true,&quot;sliderFullscreenIcon&quot;:&quot;jet-slider__fullscreen-icon-63b0a1f7&quot;,&quot;sliderShuffle&quot;:false,&quot;sliderLoop&quot;:true,&quot;sliderFadeMode&quot;:false,&quot;slideDistance&quot;:1,&quot;slideDuration&quot;:500,&quot;imageScaleMode&quot;:&quot;contain&quot;,&quot;thumbnails&quot;:false,&quot;thumbnailWidth&quot;:120,&quot;thumbnailHeight&quot;:80,&quot;rightToLeft&quot;:false,&quot;touchswipe&quot;:true,&quot;fractionPag&quot;:false,&quot;fractionPrefix&quot;:&quot;&quot;,&quot;fractionSeparator&quot;:&quot;\\\/&quot;,&quot;fractionSuffix&quot;:&quot;&quot;,&quot;autoSliderHeight&quot;:false}'>\n\t\n<div  class=\"slider-pro\">\n\t<div class=\"jet-slider__arrow-icon-63b0a1f7 hidden-html\"><svg aria-hidden=\"true\" class=\"e-font-icon-svg e-fas-angle-left\" viewBox=\"0 0 256 512\" xmlns=\"http:\/\/www.w3.org\/2000\/svg\"><path d=\"M31.7 239l136-136c9.4-9.4 24.6-9.4 33.9 0l22.6 22.6c9.4 9.4 9.4 24.6 0 33.9L127.9 256l96.4 96.4c9.4 9.4 9.4 24.6 0 33.9L201.7 409c-9.4 9.4-24.6 9.4-33.9 0l-136-136c-9.5-9.4-9.5-24.6-.1-34z\"><\/path><\/svg><\/div><div class=\"jet-slider__fullscreen-icon-63b0a1f7 hidden-html\"><svg aria-hidden=\"true\" class=\"e-font-icon-svg e-fas-arrows-alt\" viewBox=\"0 0 512 512\" xmlns=\"http:\/\/www.w3.org\/2000\/svg\"><path d=\"M352.201 425.775l-79.196 79.196c-9.373 9.373-24.568 9.373-33.941 0l-79.196-79.196c-15.119-15.119-4.411-40.971 16.971-40.97h51.162L228 284H127.196v51.162c0 21.382-25.851 32.09-40.971 16.971L7.029 272.937c-9.373-9.373-9.373-24.569 0-33.941L86.225 159.8c15.119-15.119 40.971-4.411 40.971 16.971V228H228V127.196h-51.23c-21.382 0-32.09-25.851-16.971-40.971l79.196-79.196c9.373-9.373 24.568-9.373 33.941 0l79.196 79.196c15.119 15.119 4.411 40.971-16.971 40.971h-51.162V228h100.804v-51.162c0-21.382 25.851-32.09 40.97-16.971l79.196 79.196c9.373 9.373 9.373 24.569 0 33.941L425.773 352.2c-15.119 15.119-40.971 4.411-40.97-16.971V284H284v100.804h51.23c21.382 0 32.09 25.851 16.971 40.971z\"><\/path><\/svg><\/div>\t<div class=\"jet-slider__items sp-slides\">\n\n\n<div  class=\"jet-slider__item sp-slide elementor-repeater-item-980f844\"><img decoding=\"async\" class=\"sp-image\" src=\"https:\/\/villa-perla.it\/wp-content\/uploads\/2022\/12\/villa_perla_groundfloor_2022_3D.webp\" alt=\"villa_perla_groundfloor_2022_3D\" loading=\"lazy\"><div class=\"jet-slider__content sp-layer \" data-position=\"centerCenter\" data-width=\"100%\" data-height=\"100%\" data-horizontal=\"0%\" data-show-transition=\"up\" data-show-duration=\"400\" data-show-delay=\"400\" >\n\t\t<div class=\"jet-slider__content-item\">\n\t\t\t<div class=\"jet-slider__content-inner\"><h5 class=\"jet-slider__title\">STUEETAGE<\/h5> \n\n\t\t\t\t\t\t<div class=\"jet-slider__button-wrapper\">\t\t\t\t\t\t<\/div><\/div>\n\t\t<\/div>\n\t\t\t<\/div>\n<\/div>\n\n<div  class=\"jet-slider__item sp-slide elementor-repeater-item-cd47a48\"><img decoding=\"async\" class=\"sp-image\" src=\"https:\/\/villa-perla.it\/wp-content\/uploads\/2022\/12\/villa_perla_1stfloor_2022_3D.webp\" alt=\"villa_perla_1stfloor_2022_3D\" loading=\"lazy\"><div class=\"jet-slider__content sp-layer \" data-position=\"centerCenter\" data-width=\"100%\" data-height=\"100%\" data-horizontal=\"0%\" data-show-transition=\"up\" data-show-duration=\"400\" data-show-delay=\"400\" >\n\t\t<div class=\"jet-slider__content-item\">\n\t\t\t<div class=\"jet-slider__content-inner\"><h5 class=\"jet-slider__title\">F\u00d8RSTE ETAGE<\/h5> \n\n\t\t\t\t\t\t<div class=\"jet-slider__button-wrapper\">\t\t\t\t\t\t<\/div><\/div>\n\t\t<\/div>\n\t\t\t<\/div>\n<\/div>\n\n<\/div>\n<\/div>\n<\/div>\n<\/div>\t\t\t\t<\/div>\n\t\t\t\t<\/div>\n\t\t\t\t\t<\/div>\n\t\t<\/div>\n\t\t\t\t\t<\/div>\n\t\t<\/section>\n\t\t\t\t<\/div>\n\t\t","protected":false},"excerpt":{"rendered":"<p>4 sovev\u00e6relser, heraf 2 familiev\u00e6relser, 2 ekstra babysenge til r\u00e5dighed. 3 badev\u00e6relser og 1 ekstra toilet nedenunder. Stue, k\u00f8kken og spiseplads  <\/p>\n","protected":false},"author":5,"featured_media":16465,"parent":16461,"menu_order":0,"comment_status":"closed","ping_status":"closed","template":"","meta":{"_angie_page":false,"footnotes":""},"class_list":["post-16464","page","type-page","status-publish","has-post-thumbnail","hentry"],"yoast_head":"<!-- This site is optimized with the Yoast SEO plugin v27.4 - https:\/\/yoast.com\/product\/yoast-seo-wordpress\/ -->\n<title>De forskellige layouts - Villa Perla | Langhe - Monferrato<\/title>\n<meta name=\"description\" content=\"4 sovev\u00e6relser, heraf 2 familiev\u00e6relser, 2 ekstra babysenge til r\u00e5dighed. 3 badev\u00e6relser og 1 ekstra toilet nedenunder. Stue, k\u00f8kken og spiseplads\" \/>\n<meta name=\"robots\" content=\"index, follow, max-snippet:-1, max-image-preview:large, max-video-preview:-1\" \/>\n<link rel=\"canonical\" href=\"https:\/\/villa-perla.it\/da\/villaen\/de-forskellige-layouts\/\" \/>\n<meta property=\"og:locale\" content=\"da_DK\" \/>\n<meta property=\"og:type\" content=\"article\" \/>\n<meta property=\"og:title\" content=\"Villa Perla Piemonte - layout\" \/>\n<meta property=\"og:description\" content=\"4 sovev\u00e6relser, heraf 2 familiev\u00e6relser, 2 ekstra babysenge til r\u00e5dighed. 3 badev\u00e6relser og 1 ekstra toilet nedenunder. Stue, k\u00f8kken og spiseplads\" \/>\n<meta property=\"og:url\" content=\"https:\/\/villa-perla.it\/da\/villaen\/de-forskellige-layouts\/\" \/>\n<meta property=\"og:site_name\" content=\"Villa Perla | Langhe - Monferrato\" \/>\n<meta property=\"article:publisher\" content=\"https:\/\/www.facebook.com\/villaperla.piemonte\" \/>\n<meta property=\"article:modified_time\" content=\"2026-02-27T08:30:14+00:00\" \/>\n<meta property=\"og:image\" content=\"https:\/\/villa-perla.it\/wp-content\/uploads\/2022\/12\/villa_perla_groundfloor_2022_3D-1024x604.jpg\" \/>\n<meta name=\"twitter:card\" content=\"summary_large_image\" \/>\n<meta name=\"twitter:title\" content=\"Villa Perla Piemonte - layout\" \/>\n<meta name=\"twitter:description\" content=\"4 sovev\u00e6relser, heraf 2 familiev\u00e6relser, 2 ekstra babysenge til r\u00e5dighed. 3 badev\u00e6relser og 1 ekstra toilet nedenunder. Stue, k\u00f8kken og spiseplads\" \/>\n<meta name=\"twitter:image\" content=\"https:\/\/villa-perla.it\/wp-content\/uploads\/2022\/12\/villa_perla_groundfloor_2022_3D-1024x604.jpg\" \/>\n<script type=\"application\/ld+json\" class=\"yoast-schema-graph\">{\"@context\":\"https:\\\/\\\/schema.org\",\"@graph\":[{\"@type\":\"WebPage\",\"@id\":\"https:\\\/\\\/villa-perla.it\\\/da\\\/villaen\\\/de-forskellige-layouts\\\/\",\"url\":\"https:\\\/\\\/villa-perla.it\\\/da\\\/villaen\\\/de-forskellige-layouts\\\/\",\"name\":\"De forskellige layouts - Villa Perla | Langhe - Monferrato\",\"isPartOf\":{\"@id\":\"https:\\\/\\\/villa-perla.it\\\/da\\\/#website\"},\"primaryImageOfPage\":{\"@id\":\"https:\\\/\\\/villa-perla.it\\\/da\\\/villaen\\\/de-forskellige-layouts\\\/#primaryimage\"},\"image\":{\"@id\":\"https:\\\/\\\/villa-perla.it\\\/da\\\/villaen\\\/de-forskellige-layouts\\\/#primaryimage\"},\"thumbnailUrl\":\"https:\\\/\\\/villa-perla.it\\\/wp-content\\\/uploads\\\/2022\\\/12\\\/villa_perla_groundfloor_2022_3D.webp\",\"datePublished\":\"2023-02-26T09:00:35+00:00\",\"dateModified\":\"2026-02-27T08:30:14+00:00\",\"description\":\"4 sovev\u00e6relser, heraf 2 familiev\u00e6relser, 2 ekstra babysenge til r\u00e5dighed. 3 badev\u00e6relser og 1 ekstra toilet nedenunder. Stue, k\u00f8kken og spiseplads\",\"breadcrumb\":{\"@id\":\"https:\\\/\\\/villa-perla.it\\\/da\\\/villaen\\\/de-forskellige-layouts\\\/#breadcrumb\"},\"inLanguage\":\"da-DK\",\"potentialAction\":[{\"@type\":\"ReadAction\",\"target\":[\"https:\\\/\\\/villa-perla.it\\\/da\\\/villaen\\\/de-forskellige-layouts\\\/\"]}]},{\"@type\":\"ImageObject\",\"inLanguage\":\"da-DK\",\"@id\":\"https:\\\/\\\/villa-perla.it\\\/da\\\/villaen\\\/de-forskellige-layouts\\\/#primaryimage\",\"url\":\"https:\\\/\\\/villa-perla.it\\\/wp-content\\\/uploads\\\/2022\\\/12\\\/villa_perla_groundfloor_2022_3D.webp\",\"contentUrl\":\"https:\\\/\\\/villa-perla.it\\\/wp-content\\\/uploads\\\/2022\\\/12\\\/villa_perla_groundfloor_2022_3D.webp\",\"width\":1160,\"height\":684},{\"@type\":\"BreadcrumbList\",\"@id\":\"https:\\\/\\\/villa-perla.it\\\/da\\\/villaen\\\/de-forskellige-layouts\\\/#breadcrumb\",\"itemListElement\":[{\"@type\":\"ListItem\",\"position\":1,\"name\":\"Home\",\"item\":\"https:\\\/\\\/villa-perla.it\\\/da\\\/\"},{\"@type\":\"ListItem\",\"position\":2,\"name\":\"Villaen\",\"item\":\"https:\\\/\\\/villa-perla.it\\\/da\\\/villaen\\\/\"},{\"@type\":\"ListItem\",\"position\":3,\"name\":\"De forskellige layouts\"}]},{\"@type\":\"WebSite\",\"@id\":\"https:\\\/\\\/villa-perla.it\\\/da\\\/#website\",\"url\":\"https:\\\/\\\/villa-perla.it\\\/da\\\/\",\"name\":\"Villa Perla | Langhe - Monferrato\",\"description\":\"Your private holiday house in Piemonte\",\"publisher\":{\"@id\":\"https:\\\/\\\/villa-perla.it\\\/da\\\/#organization\"},\"alternateName\":\"Villa Perla |\",\"potentialAction\":[{\"@type\":\"SearchAction\",\"target\":{\"@type\":\"EntryPoint\",\"urlTemplate\":\"https:\\\/\\\/villa-perla.it\\\/da\\\/?s={search_term_string}\"},\"query-input\":{\"@type\":\"PropertyValueSpecification\",\"valueRequired\":true,\"valueName\":\"search_term_string\"}}],\"inLanguage\":\"da-DK\"},{\"@type\":\"Organization\",\"@id\":\"https:\\\/\\\/villa-perla.it\\\/da\\\/#organization\",\"name\":\"Villa Perla Piemonte\",\"alternateName\":\"Villa Perla Piemonte\",\"url\":\"https:\\\/\\\/villa-perla.it\\\/da\\\/\",\"logo\":{\"@type\":\"ImageObject\",\"inLanguage\":\"da-DK\",\"@id\":\"https:\\\/\\\/villa-perla.it\\\/da\\\/#\\\/schema\\\/logo\\\/image\\\/\",\"url\":\"https:\\\/\\\/villa-perla.it\\\/wp-content\\\/uploads\\\/2021\\\/11\\\/villa-perla-piemone-logo-transparant-400-x-100-px.svg\",\"contentUrl\":\"https:\\\/\\\/villa-perla.it\\\/wp-content\\\/uploads\\\/2021\\\/11\\\/villa-perla-piemone-logo-transparant-400-x-100-px.svg\",\"caption\":\"Villa Perla Piemonte\"},\"image\":{\"@id\":\"https:\\\/\\\/villa-perla.it\\\/da\\\/#\\\/schema\\\/logo\\\/image\\\/\"},\"sameAs\":[\"https:\\\/\\\/www.facebook.com\\\/villaperla.piemonte\",\"https:\\\/\\\/www.instagram.com\\\/villaperla_piemonte\"]}]}<\/script>\n<!-- \/ Yoast SEO plugin. -->","yoast_head_json":{"title":"De forskellige layouts - Villa Perla | Langhe - Monferrato","description":"4 sovev\u00e6relser, heraf 2 familiev\u00e6relser, 2 ekstra babysenge til r\u00e5dighed. 3 badev\u00e6relser og 1 ekstra toilet nedenunder. Stue, k\u00f8kken og spiseplads","robots":{"index":"index","follow":"follow","max-snippet":"max-snippet:-1","max-image-preview":"max-image-preview:large","max-video-preview":"max-video-preview:-1"},"canonical":"https:\/\/villa-perla.it\/da\/villaen\/de-forskellige-layouts\/","og_locale":"da_DK","og_type":"article","og_title":"Villa Perla Piemonte - layout","og_description":"4 sovev\u00e6relser, heraf 2 familiev\u00e6relser, 2 ekstra babysenge til r\u00e5dighed. 3 badev\u00e6relser og 1 ekstra toilet nedenunder. Stue, k\u00f8kken og spiseplads","og_url":"https:\/\/villa-perla.it\/da\/villaen\/de-forskellige-layouts\/","og_site_name":"Villa Perla | Langhe - Monferrato","article_publisher":"https:\/\/www.facebook.com\/villaperla.piemonte","article_modified_time":"2026-02-27T08:30:14+00:00","og_image":[{"url":"https:\/\/villa-perla.it\/wp-content\/uploads\/2022\/12\/villa_perla_groundfloor_2022_3D-1024x604.jpg","type":"","width":"","height":""}],"twitter_card":"summary_large_image","twitter_title":"Villa Perla Piemonte - layout","twitter_description":"4 sovev\u00e6relser, heraf 2 familiev\u00e6relser, 2 ekstra babysenge til r\u00e5dighed. 3 badev\u00e6relser og 1 ekstra toilet nedenunder. Stue, k\u00f8kken og spiseplads","twitter_image":"https:\/\/villa-perla.it\/wp-content\/uploads\/2022\/12\/villa_perla_groundfloor_2022_3D-1024x604.jpg","schema":{"@context":"https:\/\/schema.org","@graph":[{"@type":"WebPage","@id":"https:\/\/villa-perla.it\/da\/villaen\/de-forskellige-layouts\/","url":"https:\/\/villa-perla.it\/da\/villaen\/de-forskellige-layouts\/","name":"De forskellige layouts - Villa Perla | Langhe - Monferrato","isPartOf":{"@id":"https:\/\/villa-perla.it\/da\/#website"},"primaryImageOfPage":{"@id":"https:\/\/villa-perla.it\/da\/villaen\/de-forskellige-layouts\/#primaryimage"},"image":{"@id":"https:\/\/villa-perla.it\/da\/villaen\/de-forskellige-layouts\/#primaryimage"},"thumbnailUrl":"https:\/\/villa-perla.it\/wp-content\/uploads\/2022\/12\/villa_perla_groundfloor_2022_3D.webp","datePublished":"2023-02-26T09:00:35+00:00","dateModified":"2026-02-27T08:30:14+00:00","description":"4 sovev\u00e6relser, heraf 2 familiev\u00e6relser, 2 ekstra babysenge til r\u00e5dighed. 3 badev\u00e6relser og 1 ekstra toilet nedenunder. Stue, k\u00f8kken og spiseplads","breadcrumb":{"@id":"https:\/\/villa-perla.it\/da\/villaen\/de-forskellige-layouts\/#breadcrumb"},"inLanguage":"da-DK","potentialAction":[{"@type":"ReadAction","target":["https:\/\/villa-perla.it\/da\/villaen\/de-forskellige-layouts\/"]}]},{"@type":"ImageObject","inLanguage":"da-DK","@id":"https:\/\/villa-perla.it\/da\/villaen\/de-forskellige-layouts\/#primaryimage","url":"https:\/\/villa-perla.it\/wp-content\/uploads\/2022\/12\/villa_perla_groundfloor_2022_3D.webp","contentUrl":"https:\/\/villa-perla.it\/wp-content\/uploads\/2022\/12\/villa_perla_groundfloor_2022_3D.webp","width":1160,"height":684},{"@type":"BreadcrumbList","@id":"https:\/\/villa-perla.it\/da\/villaen\/de-forskellige-layouts\/#breadcrumb","itemListElement":[{"@type":"ListItem","position":1,"name":"Home","item":"https:\/\/villa-perla.it\/da\/"},{"@type":"ListItem","position":2,"name":"Villaen","item":"https:\/\/villa-perla.it\/da\/villaen\/"},{"@type":"ListItem","position":3,"name":"De forskellige layouts"}]},{"@type":"WebSite","@id":"https:\/\/villa-perla.it\/da\/#website","url":"https:\/\/villa-perla.it\/da\/","name":"Villa Perla | Langhe - Monferrato","description":"Your private holiday house in Piemonte","publisher":{"@id":"https:\/\/villa-perla.it\/da\/#organization"},"alternateName":"Villa Perla |","potentialAction":[{"@type":"SearchAction","target":{"@type":"EntryPoint","urlTemplate":"https:\/\/villa-perla.it\/da\/?s={search_term_string}"},"query-input":{"@type":"PropertyValueSpecification","valueRequired":true,"valueName":"search_term_string"}}],"inLanguage":"da-DK"},{"@type":"Organization","@id":"https:\/\/villa-perla.it\/da\/#organization","name":"Villa Perla Piemonte","alternateName":"Villa Perla Piemonte","url":"https:\/\/villa-perla.it\/da\/","logo":{"@type":"ImageObject","inLanguage":"da-DK","@id":"https:\/\/villa-perla.it\/da\/#\/schema\/logo\/image\/","url":"https:\/\/villa-perla.it\/wp-content\/uploads\/2021\/11\/villa-perla-piemone-logo-transparant-400-x-100-px.svg","contentUrl":"https:\/\/villa-perla.it\/wp-content\/uploads\/2021\/11\/villa-perla-piemone-logo-transparant-400-x-100-px.svg","caption":"Villa Perla Piemonte"},"image":{"@id":"https:\/\/villa-perla.it\/da\/#\/schema\/logo\/image\/"},"sameAs":["https:\/\/www.facebook.com\/villaperla.piemonte","https:\/\/www.instagram.com\/villaperla_piemonte"]}]}},"_links":{"self":[{"href":"https:\/\/villa-perla.it\/da\/wp-json\/wp\/v2\/pages\/16464","targetHints":{"allow":["GET"]}}],"collection":[{"href":"https:\/\/villa-perla.it\/da\/wp-json\/wp\/v2\/pages"}],"about":[{"href":"https:\/\/villa-perla.it\/da\/wp-json\/wp\/v2\/types\/page"}],"author":[{"embeddable":true,"href":"https:\/\/villa-perla.it\/da\/wp-json\/wp\/v2\/users\/5"}],"replies":[{"embeddable":true,"href":"https:\/\/villa-perla.it\/da\/wp-json\/wp\/v2\/comments?post=16464"}],"version-history":[{"count":2,"href":"https:\/\/villa-perla.it\/da\/wp-json\/wp\/v2\/pages\/16464\/revisions"}],"predecessor-version":[{"id":19585,"href":"https:\/\/villa-perla.it\/da\/wp-json\/wp\/v2\/pages\/16464\/revisions\/19585"}],"up":[{"embeddable":true,"href":"https:\/\/villa-perla.it\/da\/wp-json\/wp\/v2\/pages\/16461"}],"wp:featuredmedia":[{"embeddable":true,"href":"https:\/\/villa-perla.it\/da\/wp-json\/wp\/v2\/media\/16465"}],"wp:attachment":[{"href":"https:\/\/villa-perla.it\/da\/wp-json\/wp\/v2\/media?parent=16464"}],"curies":[{"name":"wp","href":"https:\/\/api.w.org\/{rel}","templated":true}]}}